{"id":26,"date":"2018-04-17T18:21:36","date_gmt":"2018-04-17T16:21:36","guid":{"rendered":"https:\/\/dev2.m-create.at\/?page_id=26"},"modified":"2026-01-29T23:14:44","modified_gmt":"2026-01-29T22:14:44","slug":"datenschutz","status":"publish","type":"page","link":"https:\/\/dev2.m-create.at\/?page_id=26","title":{"rendered":"Datenschutz"},"content":{"rendered":"\n<h3 class=\"wp-block-heading\">Datenschutzerkl\u00e4rung<\/h3>\n\n\n\n<p>(gem\u00e4\u00df Artikel 13,14 Datenschutzgrundverordnung)<\/p>\n\n\n\n<p>www.aquapol-international.com<\/p>\n\n\n\n<h4 class=\"wp-block-heading\">Allgemein<\/h4>\n\n\n\n<p>Diese Webseite wird von der Firma EXM Technologies GmbH&nbsp;(nachfolgend \u201eEXM\u201c bzw. \u201ewir\u201c oder \u201euns\u201c), betrieben.<br>Der Schutz Ihrer personenbezogenen Daten ist uns sehr wichtig.<br>Dies gilt nat\u00fcrlich auch f\u00fcr Ihren Besuch auf unserer Webseite.<br>Als datenschutzrechtlich Verantwortlicher m\u00f6chten wir Ihnen die Verarbeitung transparent machen und im Folgenden m\u00f6chten wir kurz erl\u00e4utern, wie wir mit Ihren personenbezogenen Daten umgehen, welche Rechte Sie nach dem geltenden Datenschutzrecht haben und wie Sie diese aus\u00fcben k\u00f6nnen.<br>Personenbezogene Daten sind dabei alle Informationen, die sich auf eine identifizierte oder identifizierbare Person beziehen und somit Informationen, die Ihnen individuell zugeordnet werden k\u00f6nnen. Beispiele hierf\u00fcr sind u.a. Ihr Name, Adresse, Telefonnummer, E-Mail Adresse oder Ihre IP-Adresse.<\/p>\n\n\n\n<h4 class=\"wp-block-heading\">Verantwortlicher Kontakt<\/h4>\n\n\n\n<p>Verantwortlicher im Sinne der Datenschutz-Grundverordnung (679\/2016 EU) ist<\/p>\n\n\n\n<p>EXM Technologies GmbH<\/p>\n\n\n\n<p>Mag. (FH) Michelle Mohorn<br>Schneed\u00f6rflstra\u00dfe 23 | B\u00fcrotrakt<br>2651 Reichenau an der Rax<br>\u00d6sterreich<\/p>\n\n\n\n<p>Telefon: +43 2666 538 72-0<br>E-Mail: office@aquapol-international.com<\/p>\n\n\n\n<h4 class=\"wp-block-heading\">Kontakt mit uns<\/h4>\n\n\n\n<p>Wenn Sie mit uns in Kontakt treten, werden Ihre angegebenen Daten zwecks Bearbeitung der Anfrage und f\u00fcr den Fall von Anschlussfragen gespeichert. Die Daten werden solange gespeichert, wie sie f\u00fcr die Bearbeitung Ihrer Anfrage bzw. zur Vertragserf\u00fcllung ben\u00f6tigt werden oder solange wir sie aus berechtigtem Interesse f\u00fcr unsere Zwecke ben\u00f6tigen. Diese Daten geben wir nicht ohne Ihre Einwilligung weiter. Die Datenverarbeitung erfolgt auf Basis der gesetzlichen Bestimmungen des \u00a7 96 Abs 3 TKG sowie des Art 6 Abs 1 lit a (Einwilligung) und\/oder Art 6 Abs 1 lit f (berechtigtes Interesse) der DSGVO.<\/p>\n\n\n\n<h4 class=\"wp-block-heading\">Verarbeitung Ihrer personenbezogenen Daten<\/h4>\n\n\n\n<p>Soweit auf unserer Webseite die M\u00f6glichkeit der Eingabe personenbezogener Daten (z.B. Name, Anschrift, E-Mail-Adresse, Telefonnummer, etc.) besteht, erfolgt dies ausdr\u00fccklich auf freiwilliger Basis. Wir verwenden Ihre Daten nur in \u00dcbereinstimmung mit den jeweils anwendbaren gesetzlichen Bestimmungen (wie beispw. DSGVO, DSG, TKG) und diesen Datenschutzhinweisen, um Ihnen die von Ihnen gew\u00fcnschten Produkte, Dienstleistungen und Services bieten zu k\u00f6nnen. Dar\u00fcberhinausgehende Verarbeitungen Ihrer Daten nehmen wir nur mit Ihrer Einwilligung oder aufgrund eines \u00fcberwiegend berechtigten Interesses unsererseits vor.<br>Ihre IP-Adresse wird erfasst, aber umgehend anonymisiert. Dadurch ist nur mehr eine grobe Lokalisierung m\u00f6glich.<\/p>\n\n\n\n<h4 class=\"wp-block-heading\">Cookies<\/h4>\n\n\n\n<p>Unsere Webseite verwendet Cookies. Es handelt sich hierbei um eine kleine Datei, die auf dem Endger\u00e4t des Besuchers gespeichert werden kann, wenn Sie unsere Webseite besuchen. Wir nutzen Cookies dazu, um Ihnen unsere Webseite nutzerfreundlicher zu gestalten. Die meisten der Cookies auf dieser Webseite sind sogenannte Session-Cookies. Sie werden automatisch gel\u00f6scht, wenn Sie unsere Webseite wieder verlassen. Dauerhafte Cookies hingegen bleiben auf Ihrem Endger\u00e4t gespeichert, bis Sie diese l\u00f6schen. Diese Cookies erm\u00f6glichen es uns, Ihren Browser beim n\u00e4chsten Besuch wiederzuerkennen.<br>Beim Besuch unserer Webseite werden ausschlie\u00dflich solche Cookies gesetzt werden, die f\u00fcr die Funktionalit\u00e4t der Webseite unbedingt erforderlich sind. Ansonsten verarbeiten wir Ihre personenbezogenen Daten durch Setzung von Cookies erst nach Ihrer ausdr\u00fccklichen Zustimmung. Sie k\u00f6nnen die Setzung von Cookies jederzeit mittels einer entsprechenden Einstellung des genutzten Browsers verhindern. Ferner k\u00f6nnen bereits gesetzte Cookies jederzeit \u00fcber Ihren Browser gel\u00f6scht werden. Dies ist in allen g\u00e4ngigen Browsern m\u00f6glich.<br>Wir m\u00f6chten jedoch darauf aufmerksam machen, dass f\u00fcr den Fall, dass Sie die Setzung von Cookies in Ihrem genutzten Internetbrowser deaktiviert oder bereits gesetzte Cookies gel\u00f6scht haben, unter Umst\u00e4nden nicht alle Funktionen unserer Webseite in vollem Umfang nutzbar sind.<\/p>\n\n\n\n<p><strong>[clickskeks]<\/strong><\/p>\n\n\n\n<h4 class=\"wp-block-heading\">Google Analytics<\/h4>\n\n\n\n<p>Unsere Webseite benutzt Google Analytics, einen Webanalysedienst von Google Inc., 1600 Amphitheatre Parkway Mountain View, CA 94043 USA (\u201eGoogle\u201c). Google Analytics verwendet Cookies, die auf Ihrem Endger\u00e4t gespeichert werden und eine Analyse Ihrer Nutzung der Webseite (einschlie\u00dflich Ihrer IP-Adresse und die URLs der aufgerufenen Webseiten) erm\u00f6glichen. Die dadurch erzeugten Informationen werden in der Regel an einen Server von Google \u00fcbertragen und dort gespeichert. Diese Webseite verwendet die von Google Analytics gebotene M\u00f6glichkeit der IP-Anonymisierung. Dadurch wird Ihre IP-Adresse von Google innerhalb von Mitgliedstaaten der Europ\u00e4ischen Union oder in anderen Vertragsstaaten des Abkommens \u00fcber den Europ\u00e4ischen Wirtschaftsraum zuvor gek\u00fcrzt. Nur in Ausnahmef\u00e4llen wird die volle IP-Adresse an einen Server von Google in den USA \u00fcbertragen und dort gek\u00fcrzt. Im Auftrag des Betreibers dieser Website wird Google diese Informationen benutzen, um Ihre Nutzung der Website auszuwerten, um Reports \u00fcber die Websiteaktivit\u00e4ten zusammenzustellen und um weitere mit der Websitenutzung und der Internetnutzung verbundene Dienstleistungen gegen\u00fcber dem Webseitenbetreiber zu erbringen. Die im Rahmen von Google Analytics von Ihrem Browser \u00fcbermittelte IP-Adresse wird nicht mit anderen Daten von Google zusammengef\u00fchrt. Wir haben mit Google einen Vertrag zur Auftragsdatenverarbeitung abgeschlossen. Die Datenverarbeitung erfolgt auf Basis der gesetzlichen Bestimmungen des \u00a7 96 Abs 3 TKG sowie des Art 6 Abs 1 lit a (Einwilligung) und\/oder Art 6 Bas 1 lit f (berechtigtes Interesse) der DSGVO. Unser Anliegen im Sinne der DSGVO (berechtigtes Interesse) ist die M\u00f6glichkeit eine leicht zu verwendende Webseiten-Zugriffsstatistik zu erstellen und in weiter Folge die Verbesserung unserer Angebotes und unseres Webauftritts. Wie oben beschrieben, k\u00f6nnen Sie die Speicherung der Cookies durch eine entsprechende Einstellung ihrer Browser-Software verhindern. Sie k\u00f6nnen dar\u00fcber hinaus verhindern, dass Google Ihre Daten in Zusammenhang mit Google Analytics erhebt, indem Sie das unter dem folgenden Link verf\u00fcgbare Browser-Plugin herunterladen und installieren: https:\/\/tools.google.com\/dlpage\/gaoptout?hl=de<br>N\u00e4here Informationen zu den Nutzungsbedingungen von Google sowie Googles Datenschutzerkl\u00e4rung finden sie unter https:\/\/www.google.com\/analytics\/terms\/de.html bzw. https:\/\/www.google.com\/intl\/de\/policies\/privacy\/index.html<br>Sie k\u00f6nnen die Erfassung durch Google Analytics verhindern, indem Sie auf folgenden Link klicken. Es wird ein Opt-Out-Cookie gesetzt, das die zuk\u00fcnftige Erfassung Ihrer Daten beim Besuch dieser Website verhindert: Google Analytics aktivieren Siehe auch https:\/\/developers.google.com\/analytics\/devguides\/collection\/gajs\/<br>Wir weisen Sie darauf hin, dass auf dieser Website Google Analytics um den Code \u201eanonymizeIp\u201c erweitert wurde, um eine anonymisierte Erfassung von IP-Adressen (sog. IP-Masking) zu gew\u00e4hrleisten.<br>Die Beziehung zu Google Analytics basiert auf dem \u201eUSA Privacy Shield.\u201c<br>Unser Anliegen im Sinne der DSGVO (berechtigtes Interesse) ist die Verbesserung unseres Angebotes und unseres Webauftritts. Da uns die Privatsph\u00e4re unserer Nutzer wichtig ist, werden die Nutzerdaten pseudonymisiert.<\/p>\n\n\n\n<h4 class=\"wp-block-heading\">Google \u2013 AdWords \u2013 Conversiontracking<\/h4>\n\n\n\n<p>Diese Webseite nutzt ferner das Google Conversion Tracking. Dabei wird von Google Adwords ein Cookie auf Ihrem Rechner gesetzt, sofern Sie \u00fcber eine Google-Anzeige auf unsere Webseite gelangt sind. Diese Cookies verlieren nach 30 Tagen ihre G\u00fcltigkeit und dienen nicht der pers\u00f6nlichen Identifizierung. Besucht der Nutzer bestimmte Seiten der Webseite des Adwords-Kunden und das Cookie ist noch nicht abgelaufen, k\u00f6nnen Google und der Kunde erkennen, dass der Nutzer auf die Anzeige geklickt hat und zu dieser Seite weitergeleitet wurde. Jeder Adwords-Kunde erh\u00e4lt ein anderes Cookie. Cookies k\u00f6nnen somit nicht \u00fcber die Webseiten von Adwords-Kunden nachverfolgt werden. Die mithilfe des Conversion-Cookies eingeholten Informationen dienen dazu, Conversion-Statistiken f\u00fcr Adwords-Kunden zu erstellen, die sich f\u00fcr Conversion-Tracking entschieden haben. Die Adwords-Kunden erfahren die Gesamtanzahl der Nutzer, die auf ihre Anzeige geklickt haben und zu einer mit einem Conversion-Tracking-Tag versehenen Seite weitergeleitet wurden. Sie erhalten jedoch keine Informationen, mit denen sich Nutzer pers\u00f6nlich identifizieren lassen. Wenn Sie nicht an dem Tracking-Verfahren teilnehmen m\u00f6chten, k\u00f6nnen Sie auch das hierf\u00fcr erforderliche Setzen eines Cookies ablehnen etwa per Browser-Einstellung, die das automatische Setzen von Cookies generell deaktiviert. Sie k\u00f6nnen Cookies f\u00fcr Conversion-Tracking auch deaktivieren, indem Sie Ihren Browser so einstellen, dass Cookies von der Domain \u201ewww.googleadservices.com\u201c blockiert werden. Googles Datenschutzbelehrung zum Conversion-Tracking finden Sie hier.<\/p>\n\n\n\n<h4 class=\"wp-block-heading\">Google Maps Plugin<\/h4>\n\n\n\n<p>Wir setzen auf unserer Webseite ein Plugin des Internetdienstes Google Maps ein. Betreiber von Google Maps ist Google Inc., ans\u00e4ssig in den USA, CA 94043, 1600 Amphitheatre Parkway, Mountain View. Indem Sie Google Maps auf unserer Webseite nutzen, werden Informationen \u00fcber die Nutzung dieser Webseite und Ihre IP-Adresse an einen Google-Server in den USA \u00fcbermittelt und auch auf diesem Server gespeichert. Wir haben keine Kenntnis \u00fcber den genauen Inhalt der \u00fcbermittelten Daten, noch \u00fcber ihre Nutzung durch Google. Das Unternehmen verneint in diesem Kontext die Verbindung der Daten mit Informationen aus anderen Google-Diensten und die Erfassung personenbezogener Daten. Allerdings kann Google die Informationen an Dritte \u00fcbermitteln. Wenn Sie Javascript in Ihrem Browser deaktivieren, verhindern Sie die Ausf\u00fchrung von Google Maps. Sie k\u00f6nnen dann aber auch keine Kartenanzeige auf unserer Webseite nutzen. Mit der Nutzung unserer Webseite erkl\u00e4ren Sie Ihr Einverst\u00e4ndnis mit der beschriebenen Erfassung und Verarbeitung der Informationen durch Google Inc.. N\u00e4heres zu den Datenschutzbestimmungen und Nutzungsbedingungen f\u00fcr Google Maps erfahren Sie hier: https:\/\/www.google.com\/intl\/de_de\/help\/terms_maps.html.<\/p>\n\n\n\n<h4 class=\"wp-block-heading\">Google Tag Manager<\/h4>\n\n\n\n<p>Diese Website benutzt den Google Tag Manager. Google Tag Manager ist eine L\u00f6sung, mit der Vermarkter Website-Tags \u00fcber eine Oberfl\u00e4che verwalten k\u00f6nnen. Das Tool Tag Manager selbst (das die Tags implementiert) ist eine cookielose Domain und erfasst keine personenbezogenen Daten. Das Tool sorgt f\u00fcr die Ausl\u00f6sung anderer Tags, die ihrerseits unter Umst\u00e4nden Daten erfassen. Google Tag Manager greift nicht auf diese Daten zu. Wenn auf Domain- oder Cookie-Ebene eine Deaktivierung vorgenommen wurde, bleibt diese f\u00fcr alle Tracking-Tags bestehen, die mit Google Tag Manager implementiert werden.<\/p>\n\n\n\n<h4 class=\"wp-block-heading\">Remarketing<\/h4>\n\n\n\n<p>Diese Website benutzt Google und Facebook Remarketing, einen Dienst zur Gewinnung von anonymisierten Nutzungsstatistiken. Mit Hilfe von Google und Facebook erstellen wir personalisierte Werbekampagnen und \u2013inhalte. Dazu werden nur anonyme Daten \u00fcber anonyme Cookies zu Ihrem Surfverhalten sowie Ihre IP-Adresse erfasst. F\u00fcr Nutzer, die diese Website bereits besucht haben werden spezifische Anzeigen geschaltet. Wenn beispielsweise Nutzer die Website verlassen, ohne z.B. etwas gekauft zu haben, werden diese Nutzer erneut angesprochen. Dies geschieht, indem spezifische Anzeigen geschaltet werden w\u00e4hrend der Nutzer im Internet surft oder die Google-Suche verwendet. Beim Besuch dieser Website speichern die Remarketing Partner tempor\u00e4re Cookies \u00fcber den Browser der Nutzer auf deren Ger\u00e4ten. Wir erfassen hierbei keine personenbezogenen Daten, sondern lediglich Informationen \u00fcber das Nutzungsverhalten der Nutzer auf der Website. Google wird in keinem Fall Ihre IP-Adresse mit anderen Daten, die von Google gespeichert werden, in Verbindung bringen. Sie k\u00f6nnen die Installation der Cookies durch eine entsprechende Einstellung Ihrer Browser Software verhindern; wir weisen Sie jedoch darauf hin, dass Sie in diesem Fall gegebenenfalls nicht s\u00e4mtliche Funktionen der Website vollumf\u00e4nglich nutzen k\u00f6nnen. Der Datenerhebung und -speicherung kann jederzeit mit Wirkung f\u00fcr die Zukunft widersprochen werden, indem Sie das unter folgendem Link https:\/\/tools.google.com\/dlpage\/gaoptout?hl=de verf\u00fcgbare Browser-Plugin herunterladen und installieren. N\u00e4here Informationen zu Nutzungsbedingungen und Datenschutz finden Sie unter http:\/\/www.google.com\/analytics\/terms\/de.html.<\/p>\n\n\n\n<h4 class=\"wp-block-heading\">Social-Plugins<\/h4>\n\n\n\n<p>Um die auf unserer Homepage vorhandenen Artikel und Videos in sozialen Netzwerken, wie beispielsweise Facebook, Twitter und Google+, empfehlen und teilen zu k\u00f6nnen, werden auf unserem Seiten Empfehlungsschaltfl\u00e4chen (\u201eSocial Plug-ins\u201c) eingebunden. Diese Social Plug-ins werden durch Symbole gekennzeichnet. Durch diese Social Plug-ins wird beim Besuch der gekennzeichneten Websites eine direkte Verbindung zwischen dem Browser des Nutzers und dem Server der Social Media Plattform hergestellt. Sofern der Nutzer w\u00e4hrend des Besuches der Plattform auf der Social Media Plattform eingeloggt ist und das Symbol bet\u00e4tigt, kann er Inhalte der Website auf seinen Account verlinken. Wir haben dabei keine Kenntnis \u00fcber den Inhalt der so \u00fcbermittelten Daten sowie deren Nutzung durch die Social Medial Plattformen. Information dazu erh\u00e4lt der Nutzer direkt bei den jeweiligen Betreibern der Social Media Plattformen. Sofern der Nutzer eine Zuordnung der Websites zu seinem Account und einen Datentransfer nicht w\u00fcnscht, hat er sich vor einem Besuch der Plattform aus seinem Social Media Account auszuloggen. Zweck und Umfang der Datenerhebung und die weitere Verarbeitung und Nutzung der Daten durch Facebook sowie Ihre diesbez\u00fcglichen Rechte und Einstellungsm\u00f6glichkeiten zum Schutz Ihrer Privatsph\u00e4re entnehmen Sie bitte den Datenschutzhinweisen von Facebook: http:\/\/www.facebook.com\/policy.php.<\/p>\n\n\n\n<h4 class=\"wp-block-heading\">YouTube<\/h4>\n\n\n\n<p>Zur Anzeige von Videos verwenden wir auf dieser Webseite Dienste der Videoplattformen YouTube. Anbieter bei Verwendung von YouTube Videos ist die Google Inc., 1600 Amphietheatre Parkway, Mountain View, CA 94043, USA.<br>Zur Nutzung der Funktionen der Video-Player ist es notwendig, Ihre IP Adresse zu speichern. Diese Informationen werden in der Regel an einen Server der Videoplattformen in den USA \u00fcbertragen und dort gespeichert. Der Anbieter dieser Webseite hat keinen Einfluss auf diese Daten\u00fcbertragung.<br>Die Videoplattform stellt das Video in verschiedenen Formaten und Qualit\u00e4ten bereit und stellen eine korrekte Darstellung der Videos auf s\u00e4mtlichen Endger\u00e4ten sicher. Die Nutzung von YouTube erfolgt im Interesse einer ansprechenden, audiovisuellen Darstellung unserer Online-Angebote.<br>Weitere Informationen zum Umgang mit Nutzerdaten finden Sie in der Datenschutzerkl\u00e4rung von Google: https:\/\/www.google.de\/intl\/de\/policies\/privacy\/<\/p>\n\n\n\n<p>Mit Ihrer Einwilligung setzen wir innerhalb unseres Onlineangebotes aufgrund unseres berechtigten Interesses an der Analyse, Optimierung und wirtschaftlichen Betriebes unsere Onlineangebotes und zu diesen Zwecken das sog. \u201eFacebook-Pixel\u201c des sozialen Netzwerkes Facebook, welches von der Facebook Inc., 1 Hacker Way, Menlo Park, CA 94025, USA, bzw. falls Sie in der EU ans\u00e4ssig sind, Facebook Ireland Ltd., 4 Grand Canal Square, Grand Canal Harbour, Dublin 2, Irland betrieben wird (\u201eFacebook\u201c), ein. Mit Hilfe des Facebook-Pixels ist es Facebook m\u00f6glich, die Besucher unseres Angebots als Zielgruppe f\u00fcr die Darstellung von Anzeigen, sog. \u201eFacebook-Ads\u201c zu bestimmen. Hierzu wurde auf dieser Website das Remarketing-Tag von Facebook implementiert. \u00dcber dieses Tag wird beim Besuch der Webseite eine direkte Verbindung zu den Facebook-Servern hergestellt. Dabei wird an den Facebook-Server \u00fcbermittelt, dass Sie diese Website besucht haben und Facebook ordnet diese Information Ihrem pers\u00f6nlichen Facebook-Benutzerkonto zu. N\u00e4here Informationen zur Erhebung und Nutzung der Daten durch Facebook sowie \u00fcber Ihre diesbez\u00fcglichen Rechte und M\u00f6glichkeiten zum Schutz Ihrer Privatsph\u00e4re finden Sie in den Datenschutzhinweisen von Facebook unter https:\/\/www.facebook.com\/about\/privacy\/. Alternativ k\u00f6nnen Sie die Remarketing-Funktion \u201eCustom Audiences\u201c unter https:\/\/www.facebook.com\/settings\/?tab=ads#_=_ deaktivieren. Hierf\u00fcr m\u00fcssen Sie bei Facebook angemeldet sein. Das Facebook-Webtracking auf dieser Seite ist: aktiviert.<br>Jetzt deaktivieren<\/p>\n\n\n\n<h4 class=\"wp-block-heading\">SSL-Verschl\u00fcsselung<\/h4>\n\n\n\n<p>Um Ihre \u00fcbermittelten Daten bestm\u00f6glich zu sch\u00fctzen nutzt diese Website eine SSL-Verschl\u00fcsselung. Sie erkennen derart verschl\u00fcsselte Verbindungen an dem Pr\u00e4fix https:\/\/ im Seitenlink in der Adresszeile Ihres Browsers. Unverschl\u00fcsselte Seite sind durch http:\/\/gekennzeichnet. S\u00e4mtliche Daten, welche Sie an diese Website \u00fcbermitteln etwa bei Anfragen oder Logins k\u00f6nnen dank SSL-Verschl\u00fcsselung nicht von Dritten gelesen werden.<\/p>\n\n\n\n<h4 class=\"wp-block-heading\">Webfonts (Web-Zeichensatz)<\/h4>\n\n\n\n<p>Auf dieser Website werden externe Schriften, Google Fonts verwendet. Google Fonts ist ein Dienst der Google Inc. (\u201eGoogle\u201c). Der Download erfolgt von einem Google-Server, der sich m\u00f6glicherweise in den USA befindet. M\u00f6glicherweise wird die IP-Adresse Ihres Endger\u00e4tes von Google gespeichert. N\u00e4here Informationen finden Sie in den Datenschutzhinweisen von Google, die Sie hier abrufen k\u00f6nnen: https:\/\/developers.google.com\/fonts\/faq https:\/\/www.google.com\/policies\/privacy\/<\/p>\n\n\n\n<h4 class=\"wp-block-heading\">Kontaktformular<\/h4>\n\n\n\n<p>Wenn Sie uns per Kontaktformular Anfragen zukommen lassen, werden Ihre Angaben aus dem Anfrageformular inklusive der von Ihnen dort angegebenen Kontaktdaten zwecks Bearbeitung der Anfrage und f\u00fcr den Fall von Anschlussfragen bei uns gespeichert. Diese Daten geben wir nicht ohne Ihre Einwilligung weiter.<\/p>\n\n\n\n<h4 class=\"wp-block-heading\">E-Mail Newsletter<\/h4>\n\n\n\n<h5 class=\"wp-block-heading\">Hinweise zum Newsletter und Einwilligungen<\/h5>\n\n\n\n<p>Mit den nachfolgenden Hinweisen kl\u00e4ren wir Sie \u00fcber die Inhalte unseres Newsletters sowie das Anmelde-, Versand- und das statistische Auswertungsverfahren sowie Ihre Widerspruchsrechte auf. Indem Sie unseren Newsletter abonnieren, erkl\u00e4ren Sie sich mit dem Empfang und den beschriebenen Verfahren einverstanden.<\/p>\n\n\n\n<h5 class=\"wp-block-heading\">Inhalt des Newsletters<\/h5>\n\n\n\n<p>Wir versenden Newsletter, E-Mails und weitere elektronische Benachrichtigungen mit werblichen Informationen (nachfolgend \u201eNewsletter\u201c) nur mit der Einwilligung der Empf\u00e4nger oder einer gesetzlichen Erlaubnis. Sofern im Rahmen einer Anmeldung zum Newsletter dessen Inhalte konkret umschrieben werden, sind sie f\u00fcr die Einwilligung der Nutzer ma\u00dfgeblich. Im \u00dcbrigen enthalten unsere Newsletter Informationen \u00fcber die digitale Wirtschaft und all ihre Zweige (hierzu k\u00f6nnen insbesondere Hinweise auf Artikel, Werbeanzeigen, Whitepaper oder Onlineauftritte geh\u00f6ren).<\/p>\n\n\n\n<h5 class=\"wp-block-heading\">Anmeldedaten<\/h5>\n\n\n\n<p>Um sich f\u00fcr den Newsletter anzumelden, reicht es aus, wenn Sie Ihre E-Mailadresse angeben.<\/p>\n\n\n\n<h4 class=\"wp-block-heading\">Server-Log-Files<\/h4>\n\n\n\n<p>Der Provider der Seiten erhebt und speichert automatisch Informationen in so genannten Server-Log Files, die Ihr Browser automatisch an uns \u00fcbermittelt. Dies sind:<\/p>\n\n\n\n<p>Browsertyp und Browserversion<br>Verwendetes Betriebssystem<br>Referrer URL<br>Hostname des zugreifenden Rechners<br>Uhrzeit der Serveranfrage<br>Diese Daten sind nicht bestimmten Personen zuordenbar. Eine Zusammenf\u00fchrung dieser Daten mit anderen Datenquellen wird nicht vorgenommen. Wir behalten uns vor, diese Daten nachtr\u00e4glich zu pr\u00fcfen, wenn uns konkrete Anhaltspunkte f\u00fcr eine rechtswidrige Nutzung bekannt werden.<\/p>\n\n\n\n<h4 class=\"wp-block-heading\">Einwilligung \u2013 Widerruf<\/h4>\n\n\n\n<p>Werden Ihre personenbezogenen Daten aufgrund Ihrer Einwilligung verarbeitet, k\u00f6nnen Sie diese Einwilligung jederzeit mit Wirkung f\u00fcr die Zukunft widerrufen. Ihren Widerruf k\u00f6nnen Sie uns per E-Mail an die E-Mail-Adresse office@aquapol-international.at senden. Sofern Sie von uns Werbung per E-Mail erhalten, k\u00f6nnen Sie Ihren Widerruf noch komfortabler aus\u00fcben, indem Sie den in der E-Mail enthaltenen Link anklicken und den weiteren Anweisungen folgen.<\/p>\n\n\n\n<h4 class=\"wp-block-heading\">Rechte des Kunden im Zusammenhang mit Datenschutz<\/h4>\n\n\n\n<p>Ihnen stehen grunds\u00e4tzlich die Rechte auf Auskunft, Berichtigung, L\u00f6schung, Einschr\u00e4nkung, Daten\u00fcbertragbarkeit, Widerruf und Widerspruch zu. Wenn Sie der Meinung sind, dass wir bei der Verarbeitung Ihrer Daten gegen \u00f6sterreichisches oder europ\u00e4isches Datenschutzrecht versto\u00dfen, so ersuchen wir Sie, mit uns Kontakt aufzunehmen, um allf\u00e4llige Fragen aufkl\u00e4ren zu k\u00f6nnen.<\/p>\n\n\n\n<p>Um Ihre Rechte auszu\u00fcben, wenden Sie sich bitte an:<\/p>\n\n\n\n<p>EXM Technologies GmbH<br>Griesleiten 3<br>2654 Prein an der Rax<br>\u00d6sterreich<\/p>\n\n\n\n<p>Telefon: +43 2666 538 72-0<br>E-Mail: office@aquapol-international.com<\/p>\n\n\n\n<p>Um den Schutz Ihrer Rechte und Ihrer Privatsph\u00e4re gew\u00e4hrleisten zu k\u00f6nnen, fordern wir im Fall der Geltendmachung eines der genannten Rechte im Zweifel zus\u00e4tzliche Informationen zum Nachweis Ihrer Identit\u00e4t an. Sollten Sie eines der genannten Rechte offenkundig grundlos oder besonders h\u00e4ufig, wahrnehmen, so k\u00f6nnen wir ein angemessenes Bearbeitungsentgelt f\u00fcr die Behandlung Ihres Ansuchens verlangen oder die Bearbeitung Ihres Ansuchens verweigern.<\/p>\n\n\n\n<p>Sie haben selbstverst\u00e4ndlich auch das Recht, sich bei der \u00f6sterreichischen Datenschutzbeh\u00f6rde, ab 25.5.2018 auch bei einer anderen Aufsichtsbeh\u00f6rde innerhalb der EU, zu beschweren.<\/p>\n\n\n\n<h4 class=\"wp-block-heading\">Kontakt der zust\u00e4ndigen Aufsichtsbeh\u00f6rde:<\/h4>\n\n\n\n<p>Datenschutzbeh\u00f6rde<br>Wickenburggasse 8-10<br>1080 Wien<br>+43 1 52 152-25 69<br>dsb@dsb.gv.at<\/p>\n\n\n\n<h4 class=\"wp-block-heading\">\u00c4nderungen dieser Datenschutzerkl\u00e4rung<\/h4>\n\n\n\n<p>Wir behalten uns das Recht vor, die in dieser Datenschutzerkl\u00e4rung bereitgestellten Informationen ohne vorherige Ank\u00fcndigung an eine ver\u00e4nderte Gesetzgebung oder Rechtsprechung anzupassen. G\u00fcltig ist die jeweils hier ver\u00f6ffentlichte aktuelle Version.<\/p>\n","protected":false},"excerpt":{"rendered":"<p>Datenschutzerkl\u00e4rung (gem\u00e4\u00df Artikel 13,14 Datenschutzgrundverordnung) www.aquapol-international.com Allgemein Diese Webseite wird von der Firma EXM Technologies GmbH&nbsp;(nachfolgend \u201eEXM\u201c bzw. \u201ewir\u201c oder \u201euns\u201c), betrieben.Der Schutz Ihrer personenbezogenen Daten ist uns sehr wichtig.Dies gilt nat\u00fcrlich auch f\u00fcr Ihren Besuch auf unserer Webseite.Als datenschutzrechtlich Verantwortlicher m\u00f6chten wir Ihnen die Verarbeitung transparent machen und im Folgenden m\u00f6chten wir kurz erl\u00e4utern, [&hellip;]<\/p>\n","protected":false},"author":3,"featured_media":0,"parent":0,"menu_order":0,"comment_status":"closed","ping_status":"closed","template":"","meta":{"_acf_changed":false,"footnotes":""},"class_list":["post-26","page","type-page","status-publish","hentry"],"acf":[],"_links":{"self":[{"href":"https:\/\/dev2.m-create.at\/index.php?rest_route=\/wp\/v2\/pages\/26","targetHints":{"allow":["GET"]}}],"collection":[{"href":"https:\/\/dev2.m-create.at\/index.php?rest_route=\/wp\/v2\/pages"}],"about":[{"href":"https:\/\/dev2.m-create.at\/index.php?rest_route=\/wp\/v2\/types\/page"}],"author":[{"embeddable":true,"href":"https:\/\/dev2.m-create.at\/index.php?rest_route=\/wp\/v2\/users\/3"}],"replies":[{"embeddable":true,"href":"https:\/\/dev2.m-create.at\/index.php?rest_route=%2Fwp%2Fv2%2Fcomments&post=26"}],"version-history":[{"count":10,"href":"https:\/\/dev2.m-create.at\/index.php?rest_route=\/wp\/v2\/pages\/26\/revisions"}],"predecessor-version":[{"id":13738,"href":"https:\/\/dev2.m-create.at\/index.php?rest_route=\/wp\/v2\/pages\/26\/revisions\/13738"}],"wp:attachment":[{"href":"https:\/\/dev2.m-create.at\/index.php?rest_route=%2Fwp%2Fv2%2Fmedia&parent=26"}],"curies":[{"name":"wp","href":"https:\/\/api.w.org\/{rel}","templated":true}]}}