{"id":28,"date":"2018-04-17T18:21:46","date_gmt":"2018-04-17T16:21:46","guid":{"rendered":"https:\/\/dev2.m-create.at\/?page_id=28"},"modified":"2025-11-28T13:34:38","modified_gmt":"2025-11-28T12:34:38","slug":"agb","status":"publish","type":"page","link":"https:\/\/dev2.m-create.at\/?page_id=28","title":{"rendered":"AGB"},"content":{"rendered":"\n<p><strong>ALLGEMEINE GESCH\u00c4FTSBEDINGUNGEN PRIVATKUNDEN (\u00d6STERREICH)<\/strong><\/p>\n\n\n\n<p>| BEILAGE ZUM ANGEBOT\u2013 AUFTRAG | B2CAT V03_2021.05.01<\/p>\n\n\n\n<p>Gelieferte Waren bleiben bis zur vollst\u00e4ndigen Bezahlung des Kaufpreises unver\u00e4u\u00dferliches Eigentum der Firma EXM Technologies GmbH. Bei<\/p>\n\n\n\n<p>Zahlungsverzug gelten die Zinsen in der H\u00f6he von 4% p.a. als vereinbart. Zinsen und Mahnkosten gehen zu Lasten des Kunden. F\u00fcr den Fall,<\/p>\n\n\n\n<p>dass der AQUAPOL\u00ae Techniker bei der Montage keine aufsteigende Feuchtigkeit feststellt, ist der Vertrag f\u00fcr beide Seiten nicht bindend. Das<\/p>\n\n\n\n<p>Angebot wird hinf\u00e4llig, wenn es nicht innerhalb von 14 Tagen ab Unterschriftsleistung von EXM Technologies ausdr\u00fccklich angenommen wird.<\/p>\n\n\n\n<p><strong>WIDERRUFSRECHT BGBl. III&nbsp;<\/strong>\u2013 Ausgegeben am 26.05.2014 \u2013 Nr. 33<\/p>\n\n\n\n<p>Sie haben das Recht, diesen Vertrag ohne Angabe von Gr\u00fcnden zu widerrufen.<\/p>\n\n\n\n<p>Die Widerrufsfrist endet jedoch jedenfalls 14 Tage nach dem Tag der Installation.<\/p>\n\n\n\n<p>Um Ihr Widerrufsrecht auszu\u00fcben, m\u00fcssen Sie uns<\/p>\n\n\n\n<p>EXM Technologies GmbH, Griesleiten 3, 2654 Prein an der Rax, \u00d6sterreich<\/p>\n\n\n\n<p>T +43 2666 538 72-0, E-Mail: office@aquapol-international.com<\/p>\n\n\n\n<p>mittels einer eindeutigen Erkl\u00e4rung (z.B. ein mit der Post versandter Brief, Telefax oder E-Mail) \u00fcber Ihren Entschluss, diesen Vertrag zu<\/p>\n\n\n\n<p>widerrufen, informieren. MUSTERTEXT WIDERRUF:<\/p>\n\n\n\n<p>Hiermit widerrufe\/n ich\/wir den von mir\/uns abgeschlossenen Vertrag \u00fcber den Kauf der folgenden Waren\/Dienstleistung<\/p>\n\n\n\n<p>________________________________________________________________________________________________<\/p>\n\n\n\n<p>Bestellt am \/ Erhalten am<\/p>\n\n\n\n<p>Name des\/der Verbraucher\/s<\/p>\n\n\n\n<p>Anschrift des\/der Verbraucher\/s<\/p>\n\n\n\n<p>Unterschrift des\/der Verbraucher\/s (nur bei Mitteilung auf Papier)<\/p>\n\n\n\n<p>Datum<\/p>\n\n\n\n<p>Zur Wahrung der Widerrufsfrist reicht es aus, dass Sie die Mitteilung \u00fcber die Aus\u00fcbung des Widerrufsrechts vor Ablauf der Widerrufsfrist<\/p>\n\n\n\n<p>absenden.<\/p>\n\n\n\n<p><strong>FOLGEN DES WIDERRUFS<\/strong><\/p>\n\n\n\n<p>Wenn Sie diesen Vertrag widerrufen, haben wir Ihnen alle Zahlungen, die wir von Ihnen erhalten haben, einschlie\u00dflich der Lieferkosten (mit<\/p>\n\n\n\n<p>Ausnahme der zus\u00e4tzlichen Kosten, die sich daraus ergeben, dass Sie eine andere Art der Lieferung als die von uns angebotene, g\u00fcnstigste<\/p>\n\n\n\n<p>Standardlieferung gew\u00e4hlt haben), unverz\u00fcglich und sp\u00e4testens binnen vierzehn Tagen ab dem Tag zur\u00fcckzahlen, an dem die Mitteilung \u00fcber<\/p>\n\n\n\n<p>Ihren Widerruf dieses Vertrages bei uns eingegangen ist. F\u00fcr diese R\u00fcckzahlung verwenden wir dasselbe Zahlungsmittel, das Sie bei der<\/p>\n\n\n\n<p>urspr\u00fcnglichen Transaktion eingesetzt haben, es sei denn, mit Ihnen wurde ausdr\u00fccklich etwas anderes vereinbart; in keinem Fall werden Ihnen<\/p>\n\n\n\n<p>wegen dieser R\u00fcckzahlung Entgelte berechnet.<\/p>\n\n\n\n<p><strong>F\u00dcR DEN FALL, DASS SIE DIE WAREN IM ZUSAMMENHANG MIT DEM VERTRAG BEREITS ERHALTEN HABEN<\/strong><\/p>\n\n\n\n<p>Wir k\u00f6nnen die R\u00fcckzahlung verweigern, bis wir die Ware wieder zur\u00fcckerhalten haben oder bis Sie den Nachweis erbracht haben, dass Sie die<\/p>\n\n\n\n<p>Waren zur\u00fcckgesandt oder an den autorisierten AQUAPOL\u00ae Fachmann pers\u00f6nlich \u00fcbergeben haben, je nachdem, welches der fr\u00fchere Zeitpunkt<\/p>\n\n\n\n<p>ist. Sie tragen die unmittelbaren Kosten f\u00fcr die R\u00fccksendung der Waren.<\/p>\n\n\n\n<p>Sie m\u00fcssen f\u00fcr einen etwaigen Wertverlust der Waren nur aufkommen, wenn dieser Wertverlust auf einen zur Pr\u00fcfung der Beschaffenheit,<\/p>\n\n\n\n<p>Eigenschaften und Funktionsweise der Waren nicht notwendigen Umgang mit ihnen zur\u00fcckzuf\u00fchren ist.<\/p>\n\n\n\n<p><strong>F\u00dcR DEN FALL, DASS EIN LIEFERTERMIN BEREITS VEREINBART WURDE UND SIE ERST AM TAG DER LIEFERUNG DEN AUFTRAG WIDERRUFEN<\/strong><\/p>\n\n\n\n<p>Wird der vereinbarte Liefertermin innerhalb der vierzehnt\u00e4tigen Widerrufsfrist nicht binnen 24 Stunden vor diesem Termin m\u00fcndlich oder<\/p>\n\n\n\n<p>schriftlich abgesagt und Sie erst am Tag der Anlieferung den Vertrag stornieren, wird eine Anfahrtspauschale in H\u00f6he von \u20ac 300,00 inklusive<\/p>\n\n\n\n<p>gesetzlicher Mehrwertsteuer in Rechnung gestellt. Dieser ist binnen 7 Tagen nach Rechnungserhalt zu begleichen.<\/p>\n\n\n\n<p><strong>ALLGEMEINE GESCH\u00c4FTSBEDINGUNGEN GEWERBEKUNDEN (\u00d6STERREICH)<\/strong><\/p>\n\n\n\n<p>| BEILAGE ZUM ANGEBOT\u2013AUFTRAG | B2BAT V03_2021.05.01<\/p>\n\n\n\n<p>Gelieferte Waren bleiben bis zur vollst\u00e4ndigen Bezahlung des Kaufpreises unver\u00e4u\u00dferliches Eigentum der Firma EXM Technologies GmbH.<\/p>\n\n\n\n<p>Stornogeb\u00fchr zumindest 10%. H\u00f6heres Schadenersatzbegehren bleibt im Einzelfall vorbehalten.<\/p>\n\n\n\n<p>F\u00fcr den Fall, dass der AQUAPOL\u00ae Techniker bei der Montage keine aufsteigende Feuchtigkeit feststellt, ist der Vertrag f\u00fcr beide Seiten nicht<\/p>\n\n\n\n<p>bindend.<\/p>\n\n\n\n<p>Bei Zahlungsverzug gelten die Zinsen in der H\u00f6he von 4% p.a. als vereinbart.<\/p>\n\n\n\n<p>Zinsen und Mahnkosten gehen zu Lasten des Kunden.<\/p>\n\n\n\n<p>Der Auftraggeber ist auf die Dauer von 14 Tagen ab Unterschriftsleistung an sein Vertragsangebot gebunden.<\/p>\n\n\n\n<p>Erf\u00fcllungsort ist der Sitz des Verk\u00e4ufers. Ausschlie\u00dflicher Gerichtsstand bei Rechtsstreitigkeiten und Klagen gegen EXM Technologies GmbH ist<\/p>\n\n\n\n<p>das f\u00fcr diese \u00f6rtliche zust\u00e4ndige \u00f6sterreichische Gericht.<\/p>\n\n\n\n<p>\u00c4nderungen und Erg\u00e4nzungen dieses Vertrages bed\u00fcrfen der Schriftlichkeit und m\u00fcssen von EXM Technologies GmbH schriftlich best\u00e4tigt werden.<\/p>\n\n\n\n<p>EXM Technologies GmbH haftet f\u00fcr Sch\u00e4den nur, sofern ihr Vorsatz oder grobe Fahrl\u00e4ssigkeit durch den Auftraggeber nachgewiesen wird, das gilt<\/p>\n\n\n\n<p>nicht f\u00fcr Personensch\u00e4den, Ersatz von Folgesch\u00e4den, Zinsverlusten, entgangener Gewinn und Schadensanspr\u00fcche Dritter gegen den Auftraggeber<\/p>\n\n\n\n<p>sind ausgeschlossen.<\/p>\n\n\n\n<p>Jegliche Gew\u00e4hrleistung, soweit gesetzlich zul\u00e4ssig, ist ausgeschlossen, sofern diese \u00fcber die Garantieurkunde hinausgeht.<\/p>\n\n\n\n<p><strong>ALLGEMEINE GESCH\u00c4FTSBEDINGUNGEN PRIVATKUNDEN (DEUTSCHLAND)<\/strong><\/p>\n\n\n\n<p>| BEILAGE ZUM ANGEBOT\u2013 AUFTRAG | B2CDE V03_2021.05.01<\/p>\n\n\n\n<p>Gelieferte Waren bleiben bis zur vollst\u00e4ndigen Bezahlung des Kaufpreises unver\u00e4u\u00dferliches Eigentum der Firma EXM Technologies GmbH.<\/p>\n\n\n\n<p>Stornogeb\u00fchr zumindest 10%. H\u00f6heres Schadenersatzbegehren bleibt im Einzelfall vorbehalten. Bei Zahlungsverzug gelten die Zinsen in der<\/p>\n\n\n\n<p>H\u00f6he von 4% p.a. als vereinbart. Zinsen und Mahnkosten gehen zu Lasten des Kunden. F\u00fcr den Fall, dass der AQUAPOL\u00ae Techniker bei der<\/p>\n\n\n\n<p>Montage keine aufsteigende Feuchtigkeit feststellt, ist der Vertrag f\u00fcr beide Seiten nicht bindend. Das Angebot wird hinf\u00e4llig, wenn es nicht<\/p>\n\n\n\n<p>innerhalb von 14 Tagen ab Unterschriftsleistung von EXM ausdr\u00fccklich angenommen wird. Jegliche Gew\u00e4hrleistung, soweit gesetzlich zul\u00e4ssig, ist<\/p>\n\n\n\n<p>ausgeschlossen, sofern diese \u00fcber die Garantieurkunde hinausgeht.<\/p>\n\n\n\n<p><strong>WIDERRUFSRECHT BGBl. III<\/strong>&nbsp;\u2013 Ausgegeben am 26.05.2014 \u2013 Nr. 33<\/p>\n\n\n\n<p>Sie haben das Recht, binnen vierzehn Tagen ohne Angabe von Gr\u00fcnden diesen Vertrag zu widerrufen.<\/p>\n\n\n\n<p>Die Widerrufsfrist betr\u00e4gt vierzehn Tage ab dem Tag des Vertragsabschlusses. Um Ihr Widerrufsrecht auszu\u00fcben, m\u00fcssen Sie uns<\/p>\n\n\n\n<p>EXM Technologies GmbH, Griesleiten 3, 2654 Prein an der Rax, \u00d6sterreich<\/p>\n\n\n\n<p>T +43 2666 538 72-0, E-Mail: office@aquapol-international.com<\/p>\n\n\n\n<p>mittels einer eindeutigen Erkl\u00e4rung (z.B. ein mit der Post versandter Brief, Telefax oder E-Mail) \u00fcber Ihren Entschluss, diesen Vertrag zu<\/p>\n\n\n\n<p>widerrufen, informieren. MUSTERTEXT WIDERRUF:<\/p>\n\n\n\n<p>Hiermit widerrufe\/n ich\/wir den von mir\/uns abgeschlossenen Vertrag \u00fcber den Kauf der folgenden Waren\/Dienstleistung<\/p>\n\n\n\n<p>________________________________________________________________________________________________<\/p>\n\n\n\n<p>Bestellt am \/ Erhalten am<\/p>\n\n\n\n<p>Name des\/der Verbraucher\/s<\/p>\n\n\n\n<p>Anschrift des\/der Verbraucher\/s<\/p>\n\n\n\n<p>Unterschrift des\/der Verbraucher\/s (nur bei Mitteilung auf Papier)<\/p>\n\n\n\n<p>Datum<\/p>\n\n\n\n<p>Zur Wahrung der Widerrufsfrist reicht es aus, dass Sie die Mitteilung \u00fcber die Aus\u00fcbung des Widerrufsrechts vor Ablauf der Widerrufsfrist<\/p>\n\n\n\n<p>absenden.<\/p>\n\n\n\n<p><strong>FOLGEN DES WIDERRUFS<\/strong><\/p>\n\n\n\n<p>Wenn Sie diesen Vertrag widerrufen, haben wir Ihnen alle Zahlungen, die wir von Ihnen erhalten haben, einschlie\u00dflich der Lieferkosten (mit<\/p>\n\n\n\n<p>Ausnahme der zus\u00e4tzlichen Kosten, die sich daraus ergeben, dass Sie eine andere Art der Lieferung als die von uns angebotene, g\u00fcnstigste<\/p>\n\n\n\n<p>Standardlieferung gew\u00e4hlt haben), unverz\u00fcglich und sp\u00e4testens binnen vierzehn Tagen ab dem Tag zur\u00fcckzahlen, an dem die Mitteilung \u00fcber<\/p>\n\n\n\n<p>Ihren Widerruf dieses Vertrages bei uns eingegangen ist. F\u00fcr diese R\u00fcckzahlung verwenden wir dasselbe Zahlungsmittel, das Sie bei der<\/p>\n\n\n\n<p>urspr\u00fcnglichen Transaktion eingesetzt haben, es sei denn, mit Ihnen wurde ausdr\u00fccklich etwas anderes vereinbart; in keinem Fall werden Ihnen<\/p>\n\n\n\n<p>wegen dieser R\u00fcckzahlung Entgelte berechnet.<\/p>\n\n\n\n<p><strong>F\u00dcR DEN FALL, DASS SIE DIE WAREN IM ZUSAMMENHANG MIT DEM VERTRAG BEREITS ERHALTEN HABEN<\/strong><\/p>\n\n\n\n<p>Wir k\u00f6nnen die R\u00fcckzahlung verweigern, bis wir die Ware wieder zur\u00fcckerhalten haben oder bis Sie den Nachweis erbracht haben, dass Sie die<\/p>\n\n\n\n<p>Waren zur\u00fcckgesandt oder an den autorisierten AQUAPOL\u00ae Fachmann pers\u00f6nlich \u00fcbergeben haben, je nachdem, welches der fr\u00fchere Zeitpunkt<\/p>\n\n\n\n<p>ist. Sie tragen die unmittelbaren Kosten f\u00fcr die R\u00fccksendung der Waren.<\/p>\n\n\n\n<p>Sie m\u00fcssen f\u00fcr einen etwaigen Wertverlust der Waren nur aufkommen, wenn dieser Wertverlust auf einen zur Pr\u00fcfung der Beschaffenheit,<\/p>\n\n\n\n<p>Eigenschaften und Funktionsweise der Waren nicht notwendigen Umgang mit ihnen zur\u00fcckzuf\u00fchren ist.<\/p>\n\n\n\n<p><strong>F\u00dcR DEN FALL, DASS EIN LIEFERTERMIN BEREITS VEREINBART WURDE UND SIE ERST AM TAG DER LIEFERUNG DEN AUFTRAG&nbsp;<\/strong><strong>WIDERRUFEN<\/strong><\/p>\n\n\n\n<p>Wird der vereinbarte Liefertermin innerhalb der vierzehnt\u00e4tigen Widerrufsfrist nicht binnen 24 Stunden vor diesem Termin m\u00fcndlich oder schriftlich<\/p>\n\n\n\n<p>abgesagt und Sie erst am Tag der Anlieferung den Vertrag stornieren, wird eine Anfahrtspauschale in H\u00f6he von \u20ac 300,00 inklusive gesetzlicher<\/p>\n\n\n\n<p>Mehrwertsteuer in Rechnung gestellt. Dieser ist binnen 7 Tagen nach Rechnungserhalt zu begleichen. Wird der vereinbarte Liefertermin innerhalb<\/p>\n\n\n\n<p>der vierzehnt\u00e4tigen Widerrufsfrist nicht binnen 24 Stunden vor diesem Termin m\u00fcndlich oder schriftlich abgesagt und Sie erst am Tag der<\/p>\n\n\n\n<p>Anlieferung den Vertrag stornieren, wird eine Anfahrtspauschale in H\u00f6he von \u20ac 300,00 inklusive gesetzlicher Mehrwertsteuer in Rechnung gestellt.<\/p>\n\n\n\n<p>Dieser ist binnen 7 Tagen nach Rechnungserhalt zu begleichen.<\/p>\n\n\n\n<p><strong>ALLGEMEINE GESCH\u00c4FTSBEDINGUNGEN GEWERBEKUNDEN (DEUTSCHLAND)<\/strong><\/p>\n\n\n\n<p>| BEILAGE ZUM ANGEBOT\u2013AUFTRAG | B2BDE-V03_2021.05.01<\/p>\n\n\n\n<p>Gelieferte Waren bleiben bis zur vollst\u00e4ndigen Bezahlung des Kaufpreises unver\u00e4u\u00dferliches Eigentum der Firma EXM Technologies GmbH.<\/p>\n\n\n\n<p>Stornogeb\u00fchr zumindest 10%. H\u00f6heres Schadenersatzbegehren bleibt im Einzelfall vorbehalten.<\/p>\n\n\n\n<p>F\u00fcr den Fall, dass der AQUAPOL\u00ae Techniker bei der Montage keine aufsteigende Feuchtigkeit feststellt, ist der Vertrag f\u00fcr beide Seiten nicht<\/p>\n\n\n\n<p>bindend.<\/p>\n\n\n\n<p>Bei Zahlungsverzug gelten die Zinsen in der H\u00f6he von 4% p.a. als vereinbart.<\/p>\n\n\n\n<p>Zinsen und Mahnkosten gehen zu Lasten des Kunden.<\/p>\n\n\n\n<p>Der Auftraggeber ist auf die Dauer von 14 Tagen ab Unterschriftsleistung an sein Vertragsangebot gebunden.<\/p>\n\n\n\n<p>Erf\u00fcllungsort ist der Sitz des Verk\u00e4ufers. Ausschlie\u00dflicher Gerichtsstand bei Rechtsstreitigkeiten und Klagen gegen EXM Technologies GmbH ist<\/p>\n\n\n\n<p>das f\u00fcr diese \u00f6rtliche zust\u00e4ndige \u00f6sterreichische Gericht.<\/p>\n\n\n\n<p>\u00c4nderungen und Erg\u00e4nzungen dieses Vertrages bed\u00fcrfen der Schriftlichkeit und m\u00fcssen von EXM Technologies GmbH schriftlich best\u00e4tigt werden.<\/p>\n\n\n\n<p>EXM Technologies GmbH haftet f\u00fcr Sch\u00e4den nur, sofern ihr Vorsatz oder grobe Fahrl\u00e4ssigkeit durch den Auftraggeber nachgewiesen wird, das gilt<\/p>\n\n\n\n<p>nicht f\u00fcr Personensch\u00e4den, Ersatz von Folgesch\u00e4den, Zinsverlusten, entgangener Gewinn und Schadensanspr\u00fcche Dritter gegen den Auftraggeber<\/p>\n\n\n\n<p>sind ausgeschlossen.<\/p>\n\n\n\n<p>Jegliche Gew\u00e4hrleistung, soweit gesetzlich zul\u00e4ssig, ist ausgeschlossen, sofern diese \u00fcber die Garantieurkunde hinausgeht.<\/p>\n","protected":false},"excerpt":{"rendered":"<p>ALLGEMEINE GESCH\u00c4FTSBEDINGUNGEN PRIVATKUNDEN (\u00d6STERREICH) | BEILAGE ZUM ANGEBOT\u2013 AUFTRAG | B2CAT V03_2021.05.01 Gelieferte Waren bleiben bis zur vollst\u00e4ndigen Bezahlung des Kaufpreises unver\u00e4u\u00dferliches Eigentum der Firma EXM Technologies GmbH. Bei Zahlungsverzug gelten die Zinsen in der H\u00f6he von 4% p.a. als vereinbart. Zinsen und Mahnkosten gehen zu Lasten des Kunden. F\u00fcr den Fall, dass der AQUAPOL\u00ae [&hellip;]<\/p>\n","protected":false},"author":3,"featured_media":0,"parent":0,"menu_order":0,"comment_status":"closed","ping_status":"closed","template":"","meta":{"_acf_changed":false,"footnotes":""},"class_list":["post-28","page","type-page","status-publish","hentry"],"acf":[],"_links":{"self":[{"href":"https:\/\/dev2.m-create.at\/index.php?rest_route=\/wp\/v2\/pages\/28","targetHints":{"allow":["GET"]}}],"collection":[{"href":"https:\/\/dev2.m-create.at\/index.php?rest_route=\/wp\/v2\/pages"}],"about":[{"href":"https:\/\/dev2.m-create.at\/index.php?rest_route=\/wp\/v2\/types\/page"}],"author":[{"embeddable":true,"href":"https:\/\/dev2.m-create.at\/index.php?rest_route=\/wp\/v2\/users\/3"}],"replies":[{"embeddable":true,"href":"https:\/\/dev2.m-create.at\/index.php?rest_route=%2Fwp%2Fv2%2Fcomments&post=28"}],"version-history":[{"count":8,"href":"https:\/\/dev2.m-create.at\/index.php?rest_route=\/wp\/v2\/pages\/28\/revisions"}],"predecessor-version":[{"id":7664,"href":"https:\/\/dev2.m-create.at\/index.php?rest_route=\/wp\/v2\/pages\/28\/revisions\/7664"}],"wp:attachment":[{"href":"https:\/\/dev2.m-create.at\/index.php?rest_route=%2Fwp%2Fv2%2Fmedia&parent=28"}],"curies":[{"name":"wp","href":"https:\/\/api.w.org\/{rel}","templated":true}]}}